{"id":4254,"date":"2024-10-21T11:45:13","date_gmt":"2024-10-21T08:45:13","guid":{"rendered":"https:\/\/www.internationaldunnage.com\/gdpr-privacy-policy\/"},"modified":"2025-04-02T14:15:15","modified_gmt":"2025-04-02T11:15:15","slug":"datenschutzerklarung-fur-international-dunnage","status":"publish","type":"page","link":"https:\/\/www.internationaldunnage.com\/de\/datenschutzerklarung-fur-international-dunnage\/","title":{"rendered":"Datenschutzerkl\u00e4rung f\u00fcr International Dunnage"},"content":{"rendered":"\n<p>Bei Leading Dunnage Bag Supplier \u2013 International Dunnage, erreichbar unter <a class=\"\" href=\"https:\/\/internationaldunnage.com\/\">https:\/\/internationaldunnage.com\/<\/a>, geh\u00f6rt der Schutz der Privatsph\u00e4re unserer Besucher zu unseren wichtigsten Priorit\u00e4ten. Dieses Dokument zur Datenschutzerkl\u00e4rung enth\u00e4lt die Arten von Informationen, die von Leading Dunnage Bag Supplier \u2013 International Dunnage gesammelt und protokolliert werden, sowie die Art und Weise, wie wir diese verwenden.<\/p>\n\n\n\n<p><strong>Datenschutz-Grundverordnung (DSGVO)<\/strong><\/p>\n\n\n\n<p>Wir sind der Datenverantwortliche f\u00fcr Ihre Informationen.<\/p>\n\n\n\n<p>Die rechtliche Grundlage von International Dunnage f\u00fcr das Sammeln und Verwenden der in dieser Datenschutzerkl\u00e4rung beschriebenen pers\u00f6nlichen Informationen h\u00e4ngt von den pers\u00f6nlichen Daten ab, die wir sammeln, und dem spezifischen Kontext, in dem wir diese Informationen sammeln:<\/p>\n\n\n\n<ul class=\"wp-block-list\">\n<li>International Dunnage muss einen Vertrag mit Ihnen durchf\u00fchren.<\/li>\n\n\n\n<li>Sie haben International Dunnage die Erlaubnis dazu gegeben.<\/li>\n\n\n\n<li>Die Verarbeitung Ihrer pers\u00f6nlichen Informationen liegt im legitimen Interesse von International Dunnage.<\/li>\n\n\n\n<li>International Dunnage muss gesetzliche Verpflichtungen einhalten.<\/li>\n<\/ul>\n\n\n\n<p>International Dunnage wird Ihre pers\u00f6nlichen Informationen nur so lange aufbewahren, wie dies f\u00fcr die in dieser Datenschutzerkl\u00e4rung festgelegten Zwecke notwendig ist. Wir werden Ihre Informationen aufbewahren und verwenden, soweit dies erforderlich ist, um unsere gesetzlichen Verpflichtungen zu erf\u00fcllen, Streitigkeiten zu l\u00f6sen und unsere Richtlinien durchzusetzen.<\/p>\n\n\n\n<p>Wenn Sie ein Einwohner des Europ\u00e4ischen Wirtschaftsraums (EWR) sind, haben Sie bestimmte Datenschutzrechte. Wenn Sie informiert werden m\u00f6chten, welche pers\u00f6nlichen Informationen wir \u00fcber Sie haben und wenn Sie m\u00f6chten, dass diese aus unseren Systemen entfernt werden, kontaktieren Sie uns bitte.<\/p>\n\n\n\n<p>In bestimmten F\u00e4llen haben Sie die folgenden Datenschutzrechte:<\/p>\n\n\n\n<ul class=\"wp-block-list\">\n<li>Das Recht auf Zugang, Aktualisierung oder L\u00f6schung der Informationen, die wir \u00fcber Sie haben.<\/li>\n\n\n\n<li>Das Recht auf Berichtigung.<\/li>\n\n\n\n<li>Das Recht auf Widerspruch.<\/li>\n\n\n\n<li>Das Recht auf Einschr\u00e4nkung der Verarbeitung.<\/li>\n\n\n\n<li>Das Recht auf Daten\u00fcbertragbarkeit.<\/li>\n\n\n\n<li>Das Recht, Ihre Einwilligung zu widerrufen.<\/li>\n<\/ul>\n\n\n\n<p><strong>Protokolldateien<\/strong><\/p>\n\n\n\n<p>Leading Dunnage Bag Supplier \u2013 International Dunnage folgt einem Standardverfahren der Verwendung von Protokolldateien. Diese Dateien protokollieren Besucher, wenn sie Websites besuchen. Alle Hosting-Unternehmen tun dies, und es ist Teil der Analyse-Dienste des Hosting-Providers. Die Informationen, die durch Protokolldateien gesammelt werden, beinhalten Internetprotokolladressen (IP), Browsertyp, Internet Service Provider (ISP), Datum- und Zeitstempel, verweisende\/ausgehende Seiten und m\u00f6glicherweise die Anzahl der Klicks. Diese Informationen sind nicht mit pers\u00f6nlich identifizierbaren Informationen verbunden. Der Zweck der Informationen besteht darin, Trends zu analysieren, die Website zu verwalten, die Bewegung der Benutzer auf der Website zu verfolgen und demografische Informationen zu sammeln.<\/p>\n\n\n\n<p><strong>Cookies und Web-Beacons<\/strong><\/p>\n\n\n\n<p>Wie jede andere Website verwendet Leading Dunnage Bag Supplier \u2013 International Dunnage \u201eCookies\u201c. Diese Cookies werden verwendet, um Informationen zu speichern, einschlie\u00dflich der Pr\u00e4ferenzen der Besucher und der Seiten auf der Website, die der Besucher aufgerufen hat. Die Informationen werden verwendet, um die Benutzererfahrung zu optimieren, indem der Inhalt unserer Webseite basierend auf dem Browsertyp der Besucher und\/oder anderen Informationen angepasst wird.<\/p>\n\n\n\n<p>Weitere allgemeine Informationen zu Cookies finden Sie unter \u201eWas sind Cookies?\u201c.<\/p>\n\n\n\n<p><strong>Datenschutzerkl\u00e4rungen<\/strong><\/p>\n\n\n\n<p>Sie k\u00f6nnen diese Liste einsehen, um die Datenschutzerkl\u00e4rung f\u00fcr jeden der Werbepartner von Leading Dunnage Bag Supplier \u2013 International Dunnage zu finden.<\/p>\n\n\n\n<p>Drittanbieter-Werbeunternehmen oder Werbenetzwerke verwenden Technologien wie Cookies, JavaScript oder Web-Beacons, die in ihren jeweiligen Anzeigen und Links verwendet werden, die auf Leading Dunnage Bag Supplier \u2013 International Dunnage erscheinen und direkt an den Browser der Benutzer gesendet werden. Diese erhalten automatisch Ihre IP-Adresse, wenn dies geschieht. Diese Technologien werden verwendet, um die Wirksamkeit ihrer Werbekampagnen zu messen und\/oder die Werbung anzupassen, die Sie auf Websites sehen, die Sie besuchen.<\/p>\n\n\n\n<p>Beachten Sie, dass Leading Dunnage Bag Supplier \u2013 International Dunnage keinen Zugriff auf oder Kontrolle \u00fcber diese Cookies hat, die von Drittanbieter-Werbetreibenden verwendet werden.<\/p>\n\n\n\n<p><strong>Datenschutzerkl\u00e4rungen Dritter<\/strong><\/p>\n\n\n\n<p>Die Datenschutzerkl\u00e4rung von Leading Dunnage Bag Supplier \u2013 International Dunnage gilt nicht f\u00fcr andere Werbetreibende oder Websites. Daher empfehlen wir Ihnen, die jeweiligen Datenschutzerkl\u00e4rungen dieser Drittanbieter-Werbeserver f\u00fcr detailliertere Informationen zu konsultieren. Diese k\u00f6nnen ihre Praktiken und Anweisungen enthalten, wie Sie bestimmte Optionen abw\u00e4hlen k\u00f6nnen.<\/p>\n\n\n\n<p>Sie k\u00f6nnen sich entscheiden, Cookies \u00fcber Ihre individuellen Browsereinstellungen zu deaktivieren. Weitere detaillierte Informationen zur Verwaltung von Cookies mit spezifischen Webbrowsern finden Sie auf den jeweiligen Webseiten der Browser.<\/p>\n\n\n\n<p><strong>Informationen zu Kindern<\/strong><\/p>\n\n\n\n<p>Ein weiterer wichtiger Punkt f\u00fcr uns ist der Schutz von Kindern beim Surfen im Internet. Wir ermutigen Eltern und Erziehungsberechtigte, die Online-Aktivit\u00e4ten ihrer Kinder zu beobachten, zu beteiligen und\/oder zu \u00fcberwachen.<\/p>\n\n\n\n<p>Leading Dunnage Bag Supplier \u2013 International Dunnage sammelt wissentlich keine pers\u00f6nlich identifizierbaren Informationen von Kindern unter 13 Jahren. Wenn Sie glauben, dass Ihr Kind solche Informationen auf unserer Website bereitgestellt hat, bitten wir Sie dringend, uns umgehend zu kontaktieren, damit wir unser Bestes tun k\u00f6nnen, um diese Informationen umgehend aus unseren Aufzeichnungen zu entfernen.<\/p>\n\n\n\n<p><strong>Nur Online-Datenschutzrichtlinie<\/strong><\/p>\n\n\n\n<p>Unsere Datenschutzerkl\u00e4rung gilt nur f\u00fcr unsere Online-Aktivit\u00e4ten und ist f\u00fcr Besucher unserer Website g\u00fcltig in Bezug auf die Informationen, die sie geteilt und\/oder auf Leading Dunnage Bag Supplier \u2013 International Dunnage gesammelt haben. Diese Richtlinie gilt nicht f\u00fcr Informationen, die offline oder \u00fcber andere Kan\u00e4le als diese Website gesammelt werden.<\/p>\n\n\n\n<p><strong>Zustimmung<\/strong><\/p>\n\n\n\n<p>Durch die Nutzung unserer Website stimmen Sie hiermit unserer Datenschutzerkl\u00e4rung zu und akzeptieren deren Bedingungen.<\/p>\n\n\n\n<p><\/p>\n\n\n\n<p><\/p>\n","protected":false},"excerpt":{"rendered":"<p>Bei Leading Dunnage Bag Supplier \u2013 International Dunnage, erreichbar unter https:\/\/internationaldunnage.com\/, geh\u00f6rt der Schutz der Privatsph\u00e4re unserer Besucher zu unseren wichtigsten Priorit\u00e4ten. Dieses Dokument zur Datenschutzerkl\u00e4rung enth\u00e4lt die Arten von Informationen, die von Leading Dunnage Bag Supplier \u2013 International Dunnage gesammelt und protokolliert werden, sowie die Art und Weise, wie wir diese verwenden. Datenschutz-Grundverordnung (DSGVO) [&hellip;]<\/p>\n","protected":false},"author":1,"featured_media":0,"parent":0,"menu_order":0,"comment_status":"closed","ping_status":"closed","template":"","meta":{"footnotes":""},"class_list":["post-4254","page","type-page","status-publish","hentry"],"yoast_head":"<!-- This site is optimized with the Yoast SEO plugin v27.3 - https:\/\/yoast.com\/product\/yoast-seo-wordpress\/ -->\n<title>Datenschutzerkl\u00e4rung f\u00fcr International Dunnage - Dunnage Air Bags<\/title>\n<meta name=\"description\" content=\"Bei Leading Dunnage Bag Supplier \u2013 International Dunnage, erreichbar unter https:\/\/internationaldunnage.com\/, geh\u00f6rt der Schutz der Privatsph\u00e4re unserer\" \/>\n<meta name=\"robots\" content=\"index, follow, max-snippet:-1, max-image-preview:large, max-video-preview:-1\" \/>\n<link rel=\"canonical\" href=\"https:\/\/www.internationaldunnage.com\/de\/datenschutzerklarung-fur-international-dunnage\/\" \/>\n<meta property=\"og:locale\" content=\"de_DE\" \/>\n<meta property=\"og:type\" content=\"article\" \/>\n<meta property=\"og:title\" content=\"Datenschutzerkl\u00e4rung f\u00fcr International Dunnage - Dunnage Air Bags\" \/>\n<meta property=\"og:description\" content=\"Bei Leading Dunnage Bag Supplier \u2013 International Dunnage, erreichbar unter https:\/\/internationaldunnage.com\/, geh\u00f6rt der Schutz der Privatsph\u00e4re unserer\" \/>\n<meta property=\"og:url\" content=\"https:\/\/www.internationaldunnage.com\/de\/datenschutzerklarung-fur-international-dunnage\/\" \/>\n<meta property=\"og:site_name\" content=\"International Dunnage\" \/>\n<meta property=\"article:modified_time\" content=\"2025-04-02T11:15:15+00:00\" \/>\n<meta property=\"og:image\" content=\"https:\/\/www.internationaldunnage.com\/wp-content\/uploads\/2024\/10\/logo_w500-1.png\" \/>\n\t<meta property=\"og:image:width\" content=\"321\" \/>\n\t<meta property=\"og:image:height\" content=\"72\" \/>\n\t<meta property=\"og:image:type\" content=\"image\/png\" \/>\n<meta name=\"twitter:card\" content=\"summary_large_image\" \/>\n<meta name=\"twitter:label1\" content=\"Gesch\u00e4tzte Lesezeit\" \/>\n\t<meta name=\"twitter:data1\" content=\"4\u00a0Minuten\" \/>\n<script type=\"application\/ld+json\" class=\"yoast-schema-graph\">{\"@context\":\"https:\\\/\\\/schema.org\",\"@graph\":[{\"@type\":\"WebPage\",\"@id\":\"https:\\\/\\\/www.internationaldunnage.com\\\/de\\\/datenschutzerklarung-fur-international-dunnage\\\/\",\"url\":\"https:\\\/\\\/www.internationaldunnage.com\\\/de\\\/datenschutzerklarung-fur-international-dunnage\\\/\",\"name\":\"Datenschutzerkl\u00e4rung f\u00fcr International Dunnage - Dunnage Air Bags\",\"isPartOf\":{\"@id\":\"https:\\\/\\\/www.internationaldunnage.com\\\/de\\\/#website\"},\"datePublished\":\"2024-10-21T08:45:13+00:00\",\"dateModified\":\"2025-04-02T11:15:15+00:00\",\"description\":\"Bei Leading Dunnage Bag Supplier \u2013 International Dunnage, erreichbar unter https:\\\/\\\/internationaldunnage.com\\\/, geh\u00f6rt der Schutz der Privatsph\u00e4re unserer\",\"breadcrumb\":{\"@id\":\"https:\\\/\\\/www.internationaldunnage.com\\\/de\\\/datenschutzerklarung-fur-international-dunnage\\\/#breadcrumb\"},\"inLanguage\":\"de\",\"potentialAction\":[{\"@type\":\"ReadAction\",\"target\":[\"https:\\\/\\\/www.internationaldunnage.com\\\/de\\\/datenschutzerklarung-fur-international-dunnage\\\/\"]}]},{\"@type\":\"BreadcrumbList\",\"@id\":\"https:\\\/\\\/www.internationaldunnage.com\\\/de\\\/datenschutzerklarung-fur-international-dunnage\\\/#breadcrumb\",\"itemListElement\":[{\"@type\":\"ListItem\",\"position\":1,\"name\":\"Home\",\"item\":\"https:\\\/\\\/www.internationaldunnage.com\\\/de\\\/\"},{\"@type\":\"ListItem\",\"position\":2,\"name\":\"Datenschutzerkl\u00e4rung f\u00fcr International Dunnage\"}]},{\"@type\":\"WebSite\",\"@id\":\"https:\\\/\\\/www.internationaldunnage.com\\\/de\\\/#website\",\"url\":\"https:\\\/\\\/www.internationaldunnage.com\\\/de\\\/\",\"name\":\"\u0130nternational Dunnage\",\"description\":\"\",\"publisher\":{\"@id\":\"https:\\\/\\\/www.internationaldunnage.com\\\/de\\\/#organization\"},\"potentialAction\":[{\"@type\":\"SearchAction\",\"target\":{\"@type\":\"EntryPoint\",\"urlTemplate\":\"https:\\\/\\\/www.internationaldunnage.com\\\/de\\\/?s={search_term_string}\"},\"query-input\":{\"@type\":\"PropertyValueSpecification\",\"valueRequired\":true,\"valueName\":\"search_term_string\"}}],\"inLanguage\":\"de\"},{\"@type\":\"Organization\",\"@id\":\"https:\\\/\\\/www.internationaldunnage.com\\\/de\\\/#organization\",\"name\":\"\u0130nternational Dunnage\",\"alternateName\":\"Stau-Airbags\",\"url\":\"https:\\\/\\\/www.internationaldunnage.com\\\/de\\\/\",\"logo\":{\"@type\":\"ImageObject\",\"inLanguage\":\"de\",\"@id\":\"https:\\\/\\\/www.internationaldunnage.com\\\/de\\\/#\\\/schema\\\/logo\\\/image\\\/\",\"url\":\"https:\\\/\\\/www.internationaldunnage.com\\\/wp-content\\\/uploads\\\/2024\\\/10\\\/Twin-bag-1.jpg\",\"contentUrl\":\"https:\\\/\\\/www.internationaldunnage.com\\\/wp-content\\\/uploads\\\/2024\\\/10\\\/Twin-bag-1.jpg\",\"width\":405,\"height\":540,\"caption\":\"\u0130nternational Dunnage\"},\"image\":{\"@id\":\"https:\\\/\\\/www.internationaldunnage.com\\\/de\\\/#\\\/schema\\\/logo\\\/image\\\/\"}}]}<\/script>\n<!-- \/ Yoast SEO plugin. -->","yoast_head_json":{"title":"Datenschutzerkl\u00e4rung f\u00fcr International Dunnage - Dunnage Air Bags","description":"Bei Leading Dunnage Bag Supplier \u2013 International Dunnage, erreichbar unter https:\/\/internationaldunnage.com\/, geh\u00f6rt der Schutz der Privatsph\u00e4re unserer","robots":{"index":"index","follow":"follow","max-snippet":"max-snippet:-1","max-image-preview":"max-image-preview:large","max-video-preview":"max-video-preview:-1"},"canonical":"https:\/\/www.internationaldunnage.com\/de\/datenschutzerklarung-fur-international-dunnage\/","og_locale":"de_DE","og_type":"article","og_title":"Datenschutzerkl\u00e4rung f\u00fcr International Dunnage - Dunnage Air Bags","og_description":"Bei Leading Dunnage Bag Supplier \u2013 International Dunnage, erreichbar unter https:\/\/internationaldunnage.com\/, geh\u00f6rt der Schutz der Privatsph\u00e4re unserer","og_url":"https:\/\/www.internationaldunnage.com\/de\/datenschutzerklarung-fur-international-dunnage\/","og_site_name":"International Dunnage","article_modified_time":"2025-04-02T11:15:15+00:00","og_image":[{"width":321,"height":72,"url":"https:\/\/www.internationaldunnage.com\/wp-content\/uploads\/2024\/10\/logo_w500-1.png","type":"image\/png"}],"twitter_card":"summary_large_image","twitter_misc":{"Gesch\u00e4tzte Lesezeit":"4\u00a0Minuten"},"schema":{"@context":"https:\/\/schema.org","@graph":[{"@type":"WebPage","@id":"https:\/\/www.internationaldunnage.com\/de\/datenschutzerklarung-fur-international-dunnage\/","url":"https:\/\/www.internationaldunnage.com\/de\/datenschutzerklarung-fur-international-dunnage\/","name":"Datenschutzerkl\u00e4rung f\u00fcr International Dunnage - Dunnage Air Bags","isPartOf":{"@id":"https:\/\/www.internationaldunnage.com\/de\/#website"},"datePublished":"2024-10-21T08:45:13+00:00","dateModified":"2025-04-02T11:15:15+00:00","description":"Bei Leading Dunnage Bag Supplier \u2013 International Dunnage, erreichbar unter https:\/\/internationaldunnage.com\/, geh\u00f6rt der Schutz der Privatsph\u00e4re unserer","breadcrumb":{"@id":"https:\/\/www.internationaldunnage.com\/de\/datenschutzerklarung-fur-international-dunnage\/#breadcrumb"},"inLanguage":"de","potentialAction":[{"@type":"ReadAction","target":["https:\/\/www.internationaldunnage.com\/de\/datenschutzerklarung-fur-international-dunnage\/"]}]},{"@type":"BreadcrumbList","@id":"https:\/\/www.internationaldunnage.com\/de\/datenschutzerklarung-fur-international-dunnage\/#breadcrumb","itemListElement":[{"@type":"ListItem","position":1,"name":"Home","item":"https:\/\/www.internationaldunnage.com\/de\/"},{"@type":"ListItem","position":2,"name":"Datenschutzerkl\u00e4rung f\u00fcr International Dunnage"}]},{"@type":"WebSite","@id":"https:\/\/www.internationaldunnage.com\/de\/#website","url":"https:\/\/www.internationaldunnage.com\/de\/","name":"\u0130nternational Dunnage","description":"","publisher":{"@id":"https:\/\/www.internationaldunnage.com\/de\/#organization"},"potentialAction":[{"@type":"SearchAction","target":{"@type":"EntryPoint","urlTemplate":"https:\/\/www.internationaldunnage.com\/de\/?s={search_term_string}"},"query-input":{"@type":"PropertyValueSpecification","valueRequired":true,"valueName":"search_term_string"}}],"inLanguage":"de"},{"@type":"Organization","@id":"https:\/\/www.internationaldunnage.com\/de\/#organization","name":"\u0130nternational Dunnage","alternateName":"Stau-Airbags","url":"https:\/\/www.internationaldunnage.com\/de\/","logo":{"@type":"ImageObject","inLanguage":"de","@id":"https:\/\/www.internationaldunnage.com\/de\/#\/schema\/logo\/image\/","url":"https:\/\/www.internationaldunnage.com\/wp-content\/uploads\/2024\/10\/Twin-bag-1.jpg","contentUrl":"https:\/\/www.internationaldunnage.com\/wp-content\/uploads\/2024\/10\/Twin-bag-1.jpg","width":405,"height":540,"caption":"\u0130nternational Dunnage"},"image":{"@id":"https:\/\/www.internationaldunnage.com\/de\/#\/schema\/logo\/image\/"}}]}},"_links":{"self":[{"href":"https:\/\/www.internationaldunnage.com\/de\/wp-json\/wp\/v2\/pages\/4254","targetHints":{"allow":["GET"]}}],"collection":[{"href":"https:\/\/www.internationaldunnage.com\/de\/wp-json\/wp\/v2\/pages"}],"about":[{"href":"https:\/\/www.internationaldunnage.com\/de\/wp-json\/wp\/v2\/types\/page"}],"author":[{"embeddable":true,"href":"https:\/\/www.internationaldunnage.com\/de\/wp-json\/wp\/v2\/users\/1"}],"replies":[{"embeddable":true,"href":"https:\/\/www.internationaldunnage.com\/de\/wp-json\/wp\/v2\/comments?post=4254"}],"version-history":[{"count":1,"href":"https:\/\/www.internationaldunnage.com\/de\/wp-json\/wp\/v2\/pages\/4254\/revisions"}],"predecessor-version":[{"id":4726,"href":"https:\/\/www.internationaldunnage.com\/de\/wp-json\/wp\/v2\/pages\/4254\/revisions\/4726"}],"wp:attachment":[{"href":"https:\/\/www.internationaldunnage.com\/de\/wp-json\/wp\/v2\/media?parent=4254"}],"curies":[{"name":"wp","href":"https:\/\/api.w.org\/{rel}","templated":true}]}}